{"id":882,"date":"2022-08-06T20:40:00","date_gmt":"2022-08-07T02:40:00","guid":{"rendered":"https:\/\/viventem.ca\/?page_id=882"},"modified":"2022-09-16T13:03:52","modified_gmt":"2022-09-16T19:03:52","slug":"job-opportunities-and-internships","status":"publish","type":"page","link":"https:\/\/viventem.ca\/fr\/home\/services\/job-opportunities-and-internships\/","title":{"rendered":"Opportunit\u00e9s d'emploi et de stage"},"content":{"rendered":"<div data-elementor-type=\"wp-page\" data-elementor-id=\"882\" class=\"elementor elementor-882\">\n\t\t\t\t\t\t<section class=\"elementor-section elementor-top-section elementor-element elementor-element-df0ada4 elementor-section-boxed elementor-section-height-default elementor-section-height-default\" data-id=\"df0ada4\" data-element_type=\"section\" data-e-type=\"section\">\n\t\t\t\t\t\t<div class=\"elementor-container elementor-column-gap-default\">\n\t\t\t\t\t<div class=\"elementor-column elementor-col-100 elementor-top-column elementor-element elementor-element-69171d1\" data-id=\"69171d1\" data-element_type=\"column\" data-e-type=\"column\">\n\t\t\t<div class=\"elementor-widget-wrap elementor-element-populated\">\n\t\t\t\t\t\t<div class=\"elementor-element elementor-element-7b60499 elementor-widget elementor-widget-spacer\" data-id=\"7b60499\" data-element_type=\"widget\" data-e-type=\"widget\" data-widget_type=\"spacer.default\">\n\t\t\t\t<div class=\"elementor-widget-container\">\n\t\t\t\t\t\t\t<div class=\"elementor-spacer\">\n\t\t\t<div class=\"elementor-spacer-inner\"><\/div>\n\t\t<\/div>\n\t\t\t\t\t\t<\/div>\n\t\t\t\t<\/div>\n\t\t\t\t\t<\/div>\n\t\t<\/div>\n\t\t\t\t\t<\/div>\n\t\t<\/section>\n\t\t\t\t<section class=\"elementor-section elementor-top-section elementor-element elementor-element-ee150e7 elementor-section-boxed elementor-section-height-default elementor-section-height-default\" data-id=\"ee150e7\" data-element_type=\"section\" data-e-type=\"section\">\n\t\t\t\t\t\t<div class=\"elementor-container elementor-column-gap-default\">\n\t\t\t\t\t<div class=\"elementor-column elementor-col-100 elementor-top-column elementor-element elementor-element-b98065f\" data-id=\"b98065f\" data-element_type=\"column\" data-e-type=\"column\">\n\t\t\t<div class=\"elementor-widget-wrap elementor-element-populated\">\n\t\t\t\t\t\t<section class=\"elementor-section elementor-inner-section elementor-element elementor-element-7cf2f25 elementor-section-boxed elementor-section-height-default elementor-section-height-default\" data-id=\"7cf2f25\" data-element_type=\"section\" data-e-type=\"section\">\n\t\t\t\t\t\t<div class=\"elementor-container elementor-column-gap-default\">\n\t\t\t\t\t<div class=\"elementor-column elementor-col-100 elementor-inner-column elementor-element elementor-element-b8accfc\" data-id=\"b8accfc\" data-element_type=\"column\" data-e-type=\"column\">\n\t\t\t<div class=\"elementor-widget-wrap elementor-element-populated\">\n\t\t\t\t\t\t<div class=\"elementor-element elementor-element-87ac92b elementor-widget elementor-widget-heading\" data-id=\"87ac92b\" data-element_type=\"widget\" data-e-type=\"widget\" data-widget_type=\"heading.default\">\n\t\t\t\t<div class=\"elementor-widget-container\">\n\t\t\t\t\t<h2 class=\"elementor-heading-title elementor-size-default\">Opportunit\u00e9s d'emploi et de stage<\/h2>\t\t\t\t<\/div>\n\t\t\t\t<\/div>\n\t\t\t\t<div class=\"elementor-element elementor-element-8ad27f5 elementor-widget elementor-widget-spacer\" data-id=\"8ad27f5\" data-element_type=\"widget\" data-e-type=\"widget\" data-widget_type=\"spacer.default\">\n\t\t\t\t<div class=\"elementor-widget-container\">\n\t\t\t\t\t\t\t<div class=\"elementor-spacer\">\n\t\t\t<div class=\"elementor-spacer-inner\"><\/div>\n\t\t<\/div>\n\t\t\t\t\t\t<\/div>\n\t\t\t\t<\/div>\n\t\t\t\t<div class=\"elementor-element elementor-element-ef21240 elementor-widget elementor-widget-text-editor\" data-id=\"ef21240\" data-element_type=\"widget\" data-e-type=\"widget\" data-widget_type=\"text-editor.default\">\n\t\t\t\t<div class=\"elementor-widget-container\">\n\t\t\t\t\t\t\t\t\t<p><span style=\"font-weight: 400;\">Viventem n'a pas de postes \u00e0 combler pour le moment. Veuillez garder un \u0153il sur cette page pour de futures opportunit\u00e9s si vous \u00eates int\u00e9ress\u00e9s \u00e0 joindre l'\u00e9quipe ! <\/span><\/p>\t\t\t\t\t\t\t\t<\/div>\n\t\t\t\t<\/div>\n\t\t\t\t<div class=\"elementor-element elementor-element-089698b elementor-widget elementor-widget-spacer\" data-id=\"089698b\" data-element_type=\"widget\" data-e-type=\"widget\" data-widget_type=\"spacer.default\">\n\t\t\t\t<div class=\"elementor-widget-container\">\n\t\t\t\t\t\t\t<div class=\"elementor-spacer\">\n\t\t\t<div class=\"elementor-spacer-inner\"><\/div>\n\t\t<\/div>\n\t\t\t\t\t\t<\/div>\n\t\t\t\t<\/div>\n\t\t\t\t\t<\/div>\n\t\t<\/div>\n\t\t\t\t\t<\/div>\n\t\t<\/section>\n\t\t\t\t\t<\/div>\n\t\t<\/div>\n\t\t\t\t\t<\/div>\n\t\t<\/section>\n\t\t\t\t<\/div>","protected":false},"excerpt":{"rendered":"<p>Il n'y a aucun poste \u00e0 combler pour le moment. Veuillez garder un \u0153il sur cette page pour de futures opportunit\u00e9s si vous \u00eates int\u00e9ress\u00e9s \u00e0 joindre l'\u00e9quipe !<\/p>","protected":false},"author":221298267,"featured_media":772,"parent":52,"menu_order":0,"comment_status":"closed","ping_status":"closed","template":"","meta":{"footnotes":""},"class_list":["post-882","page","type-page","status-publish","has-post-thumbnail","hentry"],"yoast_head":"<!-- This site is optimized with the Yoast SEO plugin v27.4 - https:\/\/yoast.com\/product\/yoast-seo-wordpress\/ -->\n<title>Job Opportunities and Internships - Viventem<\/title>\n<meta name=\"description\" content=\"We love meeting new people! Keep an eye on this page for future opportunities if you are interested in joining the team.\" \/>\n<meta name=\"robots\" content=\"index, follow, max-snippet:-1, max-image-preview:large, max-video-preview:-1\" \/>\n<link rel=\"canonical\" href=\"https:\/\/viventem.ca\/fr\/home\/services\/job-opportunities-and-internships\/\" \/>\n<meta property=\"og:locale\" content=\"fr_CA\" \/>\n<meta property=\"og:type\" content=\"article\" \/>\n<meta property=\"og:title\" content=\"Job Opportunities and Internships - Viventem\" \/>\n<meta property=\"og:description\" content=\"We love meeting new people! Keep an eye on this page for future opportunities if you are interested in joining the team.\" \/>\n<meta property=\"og:url\" content=\"https:\/\/viventem.ca\/fr\/home\/services\/job-opportunities-and-internships\/\" \/>\n<meta property=\"og:site_name\" content=\"Viventem\" \/>\n<meta property=\"article:modified_time\" content=\"2022-09-16T19:03:52+00:00\" \/>\n<meta property=\"og:image\" content=\"https:\/\/viventem.ca\/wp-content\/uploads\/2022\/08\/hole.png\" \/>\n\t<meta property=\"og:image:width\" content=\"1010\" \/>\n\t<meta property=\"og:image:height\" content=\"900\" \/>\n\t<meta property=\"og:image:type\" content=\"image\/png\" \/>\n<meta name=\"twitter:card\" content=\"summary_large_image\" \/>\n<meta name=\"twitter:label1\" content=\"Estimation du temps de lecture\" \/>\n\t<meta name=\"twitter:data1\" content=\"1 minute\" \/>\n<script type=\"application\/ld+json\" class=\"yoast-schema-graph\">{\"@context\":\"https:\\\/\\\/schema.org\",\"@graph\":[{\"@type\":\"WebPage\",\"@id\":\"https:\\\/\\\/viventem.ca\\\/home\\\/services\\\/job-opportunities-and-internships\\\/\",\"url\":\"https:\\\/\\\/viventem.ca\\\/home\\\/services\\\/job-opportunities-and-internships\\\/\",\"name\":\"Job Opportunities and Internships - Viventem\",\"isPartOf\":{\"@id\":\"https:\\\/\\\/viventem.ca\\\/#website\"},\"primaryImageOfPage\":{\"@id\":\"https:\\\/\\\/viventem.ca\\\/home\\\/services\\\/job-opportunities-and-internships\\\/#primaryimage\"},\"image\":{\"@id\":\"https:\\\/\\\/viventem.ca\\\/home\\\/services\\\/job-opportunities-and-internships\\\/#primaryimage\"},\"thumbnailUrl\":\"https:\\\/\\\/i0.wp.com\\\/viventem.ca\\\/wp-content\\\/uploads\\\/2022\\\/08\\\/hole.png?fit=1010%2C900&ssl=1\",\"datePublished\":\"2022-08-07T02:40:00+00:00\",\"dateModified\":\"2022-09-16T19:03:52+00:00\",\"description\":\"We love meeting new people! Keep an eye on this page for future opportunities if you are interested in joining the team.\",\"breadcrumb\":{\"@id\":\"https:\\\/\\\/viventem.ca\\\/home\\\/services\\\/job-opportunities-and-internships\\\/#breadcrumb\"},\"inLanguage\":\"fr-CA\",\"potentialAction\":[{\"@type\":\"ReadAction\",\"target\":[\"https:\\\/\\\/viventem.ca\\\/home\\\/services\\\/job-opportunities-and-internships\\\/\"]}]},{\"@type\":\"ImageObject\",\"inLanguage\":\"fr-CA\",\"@id\":\"https:\\\/\\\/viventem.ca\\\/home\\\/services\\\/job-opportunities-and-internships\\\/#primaryimage\",\"url\":\"https:\\\/\\\/i0.wp.com\\\/viventem.ca\\\/wp-content\\\/uploads\\\/2022\\\/08\\\/hole.png?fit=1010%2C900&ssl=1\",\"contentUrl\":\"https:\\\/\\\/i0.wp.com\\\/viventem.ca\\\/wp-content\\\/uploads\\\/2022\\\/08\\\/hole.png?fit=1010%2C900&ssl=1\",\"width\":1010,\"height\":900},{\"@type\":\"BreadcrumbList\",\"@id\":\"https:\\\/\\\/viventem.ca\\\/home\\\/services\\\/job-opportunities-and-internships\\\/#breadcrumb\",\"itemListElement\":[{\"@type\":\"ListItem\",\"position\":1,\"name\":\"Home\",\"item\":\"https:\\\/\\\/viventem.ca\\\/\"},{\"@type\":\"ListItem\",\"position\":2,\"name\":\"Home\",\"item\":\"https:\\\/\\\/viventem.ca\\\/\"},{\"@type\":\"ListItem\",\"position\":3,\"name\":\"Services\",\"item\":\"https:\\\/\\\/viventem.ca\\\/home\\\/services\\\/\"},{\"@type\":\"ListItem\",\"position\":4,\"name\":\"Job Opportunities and Internships\"}]},{\"@type\":\"WebSite\",\"@id\":\"https:\\\/\\\/viventem.ca\\\/#website\",\"url\":\"https:\\\/\\\/viventem.ca\\\/\",\"name\":\"Viventem\",\"description\":\"Science Support Agency\",\"publisher\":{\"@id\":\"https:\\\/\\\/viventem.ca\\\/#organization\"},\"potentialAction\":[{\"@type\":\"SearchAction\",\"target\":{\"@type\":\"EntryPoint\",\"urlTemplate\":\"https:\\\/\\\/viventem.ca\\\/?s={search_term_string}\"},\"query-input\":{\"@type\":\"PropertyValueSpecification\",\"valueRequired\":true,\"valueName\":\"search_term_string\"}}],\"inLanguage\":\"fr-CA\"},{\"@type\":\"Organization\",\"@id\":\"https:\\\/\\\/viventem.ca\\\/#organization\",\"name\":\"Viventem - Science Support Agency\",\"url\":\"https:\\\/\\\/viventem.ca\\\/\",\"logo\":{\"@type\":\"ImageObject\",\"inLanguage\":\"fr-CA\",\"@id\":\"https:\\\/\\\/viventem.ca\\\/#\\\/schema\\\/logo\\\/image\\\/\",\"url\":\"https:\\\/\\\/i0.wp.com\\\/viventem.ca\\\/wp-content\\\/uploads\\\/2022\\\/06\\\/logo-34.png?fit=1200%2C769&ssl=1\",\"contentUrl\":\"https:\\\/\\\/i0.wp.com\\\/viventem.ca\\\/wp-content\\\/uploads\\\/2022\\\/06\\\/logo-34.png?fit=1200%2C769&ssl=1\",\"width\":1200,\"height\":769,\"caption\":\"Viventem - Science Support Agency\"},\"image\":{\"@id\":\"https:\\\/\\\/viventem.ca\\\/#\\\/schema\\\/logo\\\/image\\\/\"}}]}<\/script>\n<!-- \/ Yoast SEO plugin. -->","yoast_head_json":{"title":"Job Opportunities and Internships - Viventem","description":"We love meeting new people! Keep an eye on this page for future opportunities if you are interested in joining the team.","robots":{"index":"index","follow":"follow","max-snippet":"max-snippet:-1","max-image-preview":"max-image-preview:large","max-video-preview":"max-video-preview:-1"},"canonical":"https:\/\/viventem.ca\/fr\/home\/services\/job-opportunities-and-internships\/","og_locale":"fr_CA","og_type":"article","og_title":"Job Opportunities and Internships - Viventem","og_description":"We love meeting new people! Keep an eye on this page for future opportunities if you are interested in joining the team.","og_url":"https:\/\/viventem.ca\/fr\/home\/services\/job-opportunities-and-internships\/","og_site_name":"Viventem","article_modified_time":"2022-09-16T19:03:52+00:00","og_image":[{"width":1010,"height":900,"url":"https:\/\/viventem.ca\/wp-content\/uploads\/2022\/08\/hole.png","type":"image\/png"}],"twitter_card":"summary_large_image","twitter_misc":{"Estimation du temps de lecture":"1 minute"},"schema":{"@context":"https:\/\/schema.org","@graph":[{"@type":"WebPage","@id":"https:\/\/viventem.ca\/home\/services\/job-opportunities-and-internships\/","url":"https:\/\/viventem.ca\/home\/services\/job-opportunities-and-internships\/","name":"Job Opportunities and Internships - Viventem","isPartOf":{"@id":"https:\/\/viventem.ca\/#website"},"primaryImageOfPage":{"@id":"https:\/\/viventem.ca\/home\/services\/job-opportunities-and-internships\/#primaryimage"},"image":{"@id":"https:\/\/viventem.ca\/home\/services\/job-opportunities-and-internships\/#primaryimage"},"thumbnailUrl":"https:\/\/i0.wp.com\/viventem.ca\/wp-content\/uploads\/2022\/08\/hole.png?fit=1010%2C900&ssl=1","datePublished":"2022-08-07T02:40:00+00:00","dateModified":"2022-09-16T19:03:52+00:00","description":"We love meeting new people! Keep an eye on this page for future opportunities if you are interested in joining the team.","breadcrumb":{"@id":"https:\/\/viventem.ca\/home\/services\/job-opportunities-and-internships\/#breadcrumb"},"inLanguage":"fr-CA","potentialAction":[{"@type":"ReadAction","target":["https:\/\/viventem.ca\/home\/services\/job-opportunities-and-internships\/"]}]},{"@type":"ImageObject","inLanguage":"fr-CA","@id":"https:\/\/viventem.ca\/home\/services\/job-opportunities-and-internships\/#primaryimage","url":"https:\/\/i0.wp.com\/viventem.ca\/wp-content\/uploads\/2022\/08\/hole.png?fit=1010%2C900&ssl=1","contentUrl":"https:\/\/i0.wp.com\/viventem.ca\/wp-content\/uploads\/2022\/08\/hole.png?fit=1010%2C900&ssl=1","width":1010,"height":900},{"@type":"BreadcrumbList","@id":"https:\/\/viventem.ca\/home\/services\/job-opportunities-and-internships\/#breadcrumb","itemListElement":[{"@type":"ListItem","position":1,"name":"Home","item":"https:\/\/viventem.ca\/"},{"@type":"ListItem","position":2,"name":"Home","item":"https:\/\/viventem.ca\/"},{"@type":"ListItem","position":3,"name":"Services","item":"https:\/\/viventem.ca\/home\/services\/"},{"@type":"ListItem","position":4,"name":"Job Opportunities and Internships"}]},{"@type":"WebSite","@id":"https:\/\/viventem.ca\/#website","url":"https:\/\/viventem.ca\/","name":"Viventem","description":"Science Support Agency","publisher":{"@id":"https:\/\/viventem.ca\/#organization"},"potentialAction":[{"@type":"SearchAction","target":{"@type":"EntryPoint","urlTemplate":"https:\/\/viventem.ca\/?s={search_term_string}"},"query-input":{"@type":"PropertyValueSpecification","valueRequired":true,"valueName":"search_term_string"}}],"inLanguage":"fr-CA"},{"@type":"Organization","@id":"https:\/\/viventem.ca\/#organization","name":"Viventem - Science Support Agency","url":"https:\/\/viventem.ca\/","logo":{"@type":"ImageObject","inLanguage":"fr-CA","@id":"https:\/\/viventem.ca\/#\/schema\/logo\/image\/","url":"https:\/\/i0.wp.com\/viventem.ca\/wp-content\/uploads\/2022\/06\/logo-34.png?fit=1200%2C769&ssl=1","contentUrl":"https:\/\/i0.wp.com\/viventem.ca\/wp-content\/uploads\/2022\/06\/logo-34.png?fit=1200%2C769&ssl=1","width":1200,"height":769,"caption":"Viventem - Science Support Agency"},"image":{"@id":"https:\/\/viventem.ca\/#\/schema\/logo\/image\/"}}]}},"jetpack_likes_enabled":true,"jetpack_sharing_enabled":true,"jetpack_shortlink":"https:\/\/wp.me\/PdYiKa-ee","jetpack-related-posts":[{"id":887,"url":"https:\/\/viventem.ca\/fr\/home\/services\/other-services\/","url_meta":{"origin":882,"position":0},"title":"Autre","author":"sherryannebrown","date":"ao\u00fbt 6, 2022","format":false,"excerpt":"Nous offrons une vari\u00e9t\u00e9 de services pour r\u00e9pondre aux besoins sp\u00e9cifiques des \u00e9quipes de recherche.","rel":"","context":"Similar post","block_context":{"text":"Similar post","link":""},"img":{"alt_text":"","src":"https:\/\/i0.wp.com\/viventem.ca\/wp-content\/uploads\/2022\/08\/fishing.png?fit=938%2C923&ssl=1&resize=350%2C200","width":350,"height":200,"srcset":"https:\/\/i0.wp.com\/viventem.ca\/wp-content\/uploads\/2022\/08\/fishing.png?fit=938%2C923&ssl=1&resize=350%2C200 1x, https:\/\/i0.wp.com\/viventem.ca\/wp-content\/uploads\/2022\/08\/fishing.png?fit=938%2C923&ssl=1&resize=525%2C300 1.5x, https:\/\/i0.wp.com\/viventem.ca\/wp-content\/uploads\/2022\/08\/fishing.png?fit=938%2C923&ssl=1&resize=700%2C400 2x"},"classes":[]},{"id":853,"url":"https:\/\/viventem.ca\/fr\/home\/services\/scientific-outreach\/","url_meta":{"origin":882,"position":1},"title":"Vulgarisation scientifique","author":"sherryannebrown","date":"ao\u00fbt 6, 2022","format":false,"excerpt":"Nous valorisons grandement le partage des connaissances scientifiques et aidons \u00e0 les rendre accessibles \u00e0 tous.","rel":"","context":"Similar post","block_context":{"text":"Similar post","link":""},"img":{"alt_text":"","src":"https:\/\/i0.wp.com\/viventem.ca\/wp-content\/uploads\/2022\/08\/hatchet.png?fit=976%2C865&ssl=1&resize=350%2C200","width":350,"height":200,"srcset":"https:\/\/i0.wp.com\/viventem.ca\/wp-content\/uploads\/2022\/08\/hatchet.png?fit=976%2C865&ssl=1&resize=350%2C200 1x, https:\/\/i0.wp.com\/viventem.ca\/wp-content\/uploads\/2022\/08\/hatchet.png?fit=976%2C865&ssl=1&resize=525%2C300 1.5x, https:\/\/i0.wp.com\/viventem.ca\/wp-content\/uploads\/2022\/08\/hatchet.png?fit=976%2C865&ssl=1&resize=700%2C400 2x"},"classes":[]},{"id":858,"url":"https:\/\/viventem.ca\/fr\/home\/services\/translation-inu-eng-fr\/","url_meta":{"origin":882,"position":2},"title":"Traduction","author":"sherryannebrown","date":"ao\u00fbt 6, 2022","format":false,"excerpt":"En collaboration avec des traducteurs locaux, nous offrons des services de traduction Fran\u00e7ais\/Anglais\/Inuinnaqtun.","rel":"","context":"Similar post","block_context":{"text":"Similar post","link":""},"img":{"alt_text":"","src":"https:\/\/i0.wp.com\/viventem.ca\/wp-content\/uploads\/2022\/08\/shovel.png?fit=850%2C812&ssl=1&resize=350%2C200","width":350,"height":200,"srcset":"https:\/\/i0.wp.com\/viventem.ca\/wp-content\/uploads\/2022\/08\/shovel.png?fit=850%2C812&ssl=1&resize=350%2C200 1x, https:\/\/i0.wp.com\/viventem.ca\/wp-content\/uploads\/2022\/08\/shovel.png?fit=850%2C812&ssl=1&resize=525%2C300 1.5x, https:\/\/i0.wp.com\/viventem.ca\/wp-content\/uploads\/2022\/08\/shovel.png?fit=850%2C812&ssl=1&resize=700%2C400 2x"},"classes":[]},{"id":52,"url":"https:\/\/viventem.ca\/fr\/home\/services\/","url_meta":{"origin":882,"position":3},"title":"Services","author":"sherryannebrown","date":"juin 16, 2022","format":false,"excerpt":"Learn about the many services Viventem offers.","rel":"","context":"Similar post","block_context":{"text":"Similar post","link":""},"img":{"alt_text":"A close up shot of a researcher proudly holding a piece of equipment while standing on an ice covered body of water.","src":"https:\/\/i0.wp.com\/viventem.ca\/wp-content\/uploads\/2022\/07\/284011238_417618423551068_4646017557157632761_n-1.jpg?fit=1200%2C550&ssl=1&resize=350%2C200","width":350,"height":200,"srcset":"https:\/\/i0.wp.com\/viventem.ca\/wp-content\/uploads\/2022\/07\/284011238_417618423551068_4646017557157632761_n-1.jpg?fit=1200%2C550&ssl=1&resize=350%2C200 1x, https:\/\/i0.wp.com\/viventem.ca\/wp-content\/uploads\/2022\/07\/284011238_417618423551068_4646017557157632761_n-1.jpg?fit=1200%2C550&ssl=1&resize=525%2C300 1.5x, https:\/\/i0.wp.com\/viventem.ca\/wp-content\/uploads\/2022\/07\/284011238_417618423551068_4646017557157632761_n-1.jpg?fit=1200%2C550&ssl=1&resize=700%2C400 2x, https:\/\/i0.wp.com\/viventem.ca\/wp-content\/uploads\/2022\/07\/284011238_417618423551068_4646017557157632761_n-1.jpg?fit=1200%2C550&ssl=1&resize=1050%2C600 3x"},"classes":[]},{"id":50,"url":"https:\/\/viventem.ca\/fr\/home\/about-map\/about\/","url_meta":{"origin":882,"position":4},"title":"Mission","author":"sherryannebrown","date":"juin 16, 2022","format":false,"excerpt":"At Viventem, we use our academic and guiding expertise to contribute to the improvement of Arctic scientific knowledge.","rel":"","context":"Similar post","block_context":{"text":"Similar post","link":""},"img":{"alt_text":"A group of researchers gathered around a piece of equipment during the winter.","src":"https:\/\/i0.wp.com\/viventem.ca\/wp-content\/uploads\/2022\/07\/283954623_3233479890243655_8592425570048293645_n.jpg?fit=900%2C1200&ssl=1&resize=350%2C200","width":350,"height":200,"srcset":"https:\/\/i0.wp.com\/viventem.ca\/wp-content\/uploads\/2022\/07\/283954623_3233479890243655_8592425570048293645_n.jpg?fit=900%2C1200&ssl=1&resize=350%2C200 1x, https:\/\/i0.wp.com\/viventem.ca\/wp-content\/uploads\/2022\/07\/283954623_3233479890243655_8592425570048293645_n.jpg?fit=900%2C1200&ssl=1&resize=525%2C300 1.5x, https:\/\/i0.wp.com\/viventem.ca\/wp-content\/uploads\/2022\/07\/283954623_3233479890243655_8592425570048293645_n.jpg?fit=900%2C1200&ssl=1&resize=700%2C400 2x"},"classes":[]}],"_links":{"self":[{"href":"https:\/\/viventem.ca\/fr\/wp-json\/wp\/v2\/pages\/882","targetHints":{"allow":["GET"]}}],"collection":[{"href":"https:\/\/viventem.ca\/fr\/wp-json\/wp\/v2\/pages"}],"about":[{"href":"https:\/\/viventem.ca\/fr\/wp-json\/wp\/v2\/types\/page"}],"author":[{"embeddable":true,"href":"https:\/\/viventem.ca\/fr\/wp-json\/wp\/v2\/users\/221298267"}],"replies":[{"embeddable":true,"href":"https:\/\/viventem.ca\/fr\/wp-json\/wp\/v2\/comments?post=882"}],"version-history":[{"count":16,"href":"https:\/\/viventem.ca\/fr\/wp-json\/wp\/v2\/pages\/882\/revisions"}],"predecessor-version":[{"id":2745,"href":"https:\/\/viventem.ca\/fr\/wp-json\/wp\/v2\/pages\/882\/revisions\/2745"}],"up":[{"embeddable":true,"href":"https:\/\/viventem.ca\/fr\/wp-json\/wp\/v2\/pages\/52"}],"wp:featuredmedia":[{"embeddable":true,"href":"https:\/\/viventem.ca\/fr\/wp-json\/wp\/v2\/media\/772"}],"wp:attachment":[{"href":"https:\/\/viventem.ca\/fr\/wp-json\/wp\/v2\/media?parent=882"}],"curies":[{"name":"wp","href":"https:\/\/api.w.org\/{rel}","templated":true}]}}