{"id":858,"date":"2022-08-06T20:18:42","date_gmt":"2022-08-07T02:18:42","guid":{"rendered":"https:\/\/viventem.ca\/?page_id=858"},"modified":"2022-09-16T13:08:57","modified_gmt":"2022-09-16T19:08:57","slug":"translation-inu-eng-fr","status":"publish","type":"page","link":"https:\/\/viventem.ca\/fr\/home\/services\/translation-inu-eng-fr\/","title":{"rendered":"Traduction"},"content":{"rendered":"<div data-elementor-type=\"wp-page\" data-elementor-id=\"858\" class=\"elementor elementor-858\">\n\t\t\t\t\t\t<section class=\"elementor-section elementor-top-section elementor-element elementor-element-598ec9f elementor-section-boxed elementor-section-height-default elementor-section-height-default\" data-id=\"598ec9f\" data-element_type=\"section\" data-e-type=\"section\">\n\t\t\t\t\t\t<div class=\"elementor-container elementor-column-gap-default\">\n\t\t\t\t\t<div class=\"elementor-column elementor-col-100 elementor-top-column elementor-element elementor-element-7c80484\" data-id=\"7c80484\" data-element_type=\"column\" data-e-type=\"column\">\n\t\t\t<div class=\"elementor-widget-wrap elementor-element-populated\">\n\t\t\t\t\t\t<div class=\"elementor-element elementor-element-4e8542d elementor-widget elementor-widget-spacer\" data-id=\"4e8542d\" data-element_type=\"widget\" data-e-type=\"widget\" data-widget_type=\"spacer.default\">\n\t\t\t\t<div class=\"elementor-widget-container\">\n\t\t\t\t\t\t\t<div class=\"elementor-spacer\">\n\t\t\t<div class=\"elementor-spacer-inner\"><\/div>\n\t\t<\/div>\n\t\t\t\t\t\t<\/div>\n\t\t\t\t<\/div>\n\t\t\t\t\t<\/div>\n\t\t<\/div>\n\t\t\t\t\t<\/div>\n\t\t<\/section>\n\t\t\t\t<section class=\"elementor-section elementor-top-section elementor-element elementor-element-fdba3de elementor-section-boxed elementor-section-height-default elementor-section-height-default\" data-id=\"fdba3de\" data-element_type=\"section\" data-e-type=\"section\">\n\t\t\t\t\t\t<div class=\"elementor-container elementor-column-gap-default\">\n\t\t\t\t\t<div class=\"elementor-column elementor-col-100 elementor-top-column elementor-element elementor-element-a8e6022\" data-id=\"a8e6022\" data-element_type=\"column\" data-e-type=\"column\">\n\t\t\t<div class=\"elementor-widget-wrap elementor-element-populated\">\n\t\t\t\t\t\t<section class=\"elementor-section elementor-inner-section elementor-element elementor-element-685a5e7 elementor-section-boxed elementor-section-height-default elementor-section-height-default\" data-id=\"685a5e7\" data-element_type=\"section\" data-e-type=\"section\">\n\t\t\t\t\t\t<div class=\"elementor-container elementor-column-gap-default\">\n\t\t\t\t\t<div class=\"elementor-column elementor-col-100 elementor-inner-column elementor-element elementor-element-6806231\" data-id=\"6806231\" data-element_type=\"column\" data-e-type=\"column\">\n\t\t\t<div class=\"elementor-widget-wrap elementor-element-populated\">\n\t\t\t\t\t\t<div class=\"elementor-element elementor-element-832d874 elementor-widget elementor-widget-heading\" data-id=\"832d874\" data-element_type=\"widget\" data-e-type=\"widget\" data-widget_type=\"heading.default\">\n\t\t\t\t<div class=\"elementor-widget-container\">\n\t\t\t\t\t<h2 class=\"elementor-heading-title elementor-size-default\">Traduction<\/h2>\t\t\t\t<\/div>\n\t\t\t\t<\/div>\n\t\t\t\t<div class=\"elementor-element elementor-element-a3b9b08 elementor-widget elementor-widget-spacer\" data-id=\"a3b9b08\" data-element_type=\"widget\" data-e-type=\"widget\" data-widget_type=\"spacer.default\">\n\t\t\t\t<div class=\"elementor-widget-container\">\n\t\t\t\t\t\t\t<div class=\"elementor-spacer\">\n\t\t\t<div class=\"elementor-spacer-inner\"><\/div>\n\t\t<\/div>\n\t\t\t\t\t\t<\/div>\n\t\t\t\t<\/div>\n\t\t\t\t<div class=\"elementor-element elementor-element-32a5ff5 elementor-widget elementor-widget-text-editor\" data-id=\"32a5ff5\" data-element_type=\"widget\" data-e-type=\"widget\" data-widget_type=\"text-editor.default\">\n\t\t\t\t<div class=\"elementor-widget-container\">\n\t\t\t\t\t\t\t\t\t<p><span style=\"font-weight: 400;\">En collaboration avec des traducteurs locaux, nous offrons des services de traduction Fran\u00e7ais\/Anglais\/Inuinnaqtun.<\/span><\/p><p><span style=\"font-weight: 400;\">Pour un estim\u00e9 des co\u00fbts de traduction, <a href=\"mailto:contact@viventem.ca\">veuillez nous faire parvenir le contenu \u00e0 traduire,<\/a> indiquer la langue de traduction ainsi que le d\u00e9lai de remise souhait\u00e9s et nous vous ferons parvenir une soumission.<\/span><\/p>\t\t\t\t\t\t\t\t<\/div>\n\t\t\t\t<\/div>\n\t\t\t\t<div class=\"elementor-element elementor-element-358100d elementor-widget elementor-widget-spacer\" data-id=\"358100d\" data-element_type=\"widget\" data-e-type=\"widget\" data-widget_type=\"spacer.default\">\n\t\t\t\t<div class=\"elementor-widget-container\">\n\t\t\t\t\t\t\t<div class=\"elementor-spacer\">\n\t\t\t<div class=\"elementor-spacer-inner\"><\/div>\n\t\t<\/div>\n\t\t\t\t\t\t<\/div>\n\t\t\t\t<\/div>\n\t\t\t\t\t<\/div>\n\t\t<\/div>\n\t\t\t\t\t<\/div>\n\t\t<\/section>\n\t\t\t\t\t<\/div>\n\t\t<\/div>\n\t\t\t\t\t<\/div>\n\t\t<\/section>\n\t\t\t\t<\/div>","protected":false},"excerpt":{"rendered":"<p>En collaboration avec des traducteurs locaux, nous offrons des services de traduction Fran\u00e7ais\/Anglais\/Inuinnaqtun.<\/p>","protected":false},"author":221298267,"featured_media":779,"parent":52,"menu_order":0,"comment_status":"closed","ping_status":"closed","template":"","meta":{"footnotes":""},"class_list":["post-858","page","type-page","status-publish","has-post-thumbnail","hentry"],"yoast_head":"<!-- This site is optimized with the Yoast SEO plugin v27.4 - https:\/\/yoast.com\/product\/yoast-seo-wordpress\/ -->\n<title>Translation (INU\/ENG\/FR) - Viventem<\/title>\n<meta name=\"description\" content=\"In collaboration with local translators and other communities, we offer French, English, and Inuinnaqtun translation services.\" \/>\n<meta name=\"robots\" content=\"index, follow, max-snippet:-1, max-image-preview:large, max-video-preview:-1\" \/>\n<link rel=\"canonical\" href=\"https:\/\/viventem.ca\/fr\/home\/services\/translation-inu-eng-fr\/\" \/>\n<meta property=\"og:locale\" content=\"fr_CA\" \/>\n<meta property=\"og:type\" content=\"article\" \/>\n<meta property=\"og:title\" content=\"Translation (INU\/ENG\/FR) - Viventem\" \/>\n<meta property=\"og:description\" content=\"In collaboration with local translators and other communities, we offer French, English, and Inuinnaqtun translation services.\" \/>\n<meta property=\"og:url\" content=\"https:\/\/viventem.ca\/fr\/home\/services\/translation-inu-eng-fr\/\" \/>\n<meta property=\"og:site_name\" content=\"Viventem\" \/>\n<meta property=\"article:modified_time\" content=\"2022-09-16T19:08:57+00:00\" \/>\n<meta property=\"og:image\" content=\"https:\/\/viventem.ca\/wp-content\/uploads\/2022\/08\/shovel.png\" \/>\n\t<meta property=\"og:image:width\" content=\"850\" \/>\n\t<meta property=\"og:image:height\" content=\"812\" \/>\n\t<meta property=\"og:image:type\" content=\"image\/png\" \/>\n<meta name=\"twitter:card\" content=\"summary_large_image\" \/>\n<meta name=\"twitter:label1\" content=\"Estimation du temps de lecture\" \/>\n\t<meta name=\"twitter:data1\" content=\"1 minute\" \/>\n<script type=\"application\/ld+json\" class=\"yoast-schema-graph\">{\"@context\":\"https:\\\/\\\/schema.org\",\"@graph\":[{\"@type\":\"WebPage\",\"@id\":\"https:\\\/\\\/viventem.ca\\\/home\\\/services\\\/translation-inu-eng-fr\\\/\",\"url\":\"https:\\\/\\\/viventem.ca\\\/home\\\/services\\\/translation-inu-eng-fr\\\/\",\"name\":\"Translation (INU\\\/ENG\\\/FR) - Viventem\",\"isPartOf\":{\"@id\":\"https:\\\/\\\/viventem.ca\\\/#website\"},\"primaryImageOfPage\":{\"@id\":\"https:\\\/\\\/viventem.ca\\\/home\\\/services\\\/translation-inu-eng-fr\\\/#primaryimage\"},\"image\":{\"@id\":\"https:\\\/\\\/viventem.ca\\\/home\\\/services\\\/translation-inu-eng-fr\\\/#primaryimage\"},\"thumbnailUrl\":\"https:\\\/\\\/i0.wp.com\\\/viventem.ca\\\/wp-content\\\/uploads\\\/2022\\\/08\\\/shovel.png?fit=850%2C812&ssl=1\",\"datePublished\":\"2022-08-07T02:18:42+00:00\",\"dateModified\":\"2022-09-16T19:08:57+00:00\",\"description\":\"In collaboration with local translators and other communities, we offer French, English, and Inuinnaqtun translation services.\",\"breadcrumb\":{\"@id\":\"https:\\\/\\\/viventem.ca\\\/home\\\/services\\\/translation-inu-eng-fr\\\/#breadcrumb\"},\"inLanguage\":\"fr-CA\",\"potentialAction\":[{\"@type\":\"ReadAction\",\"target\":[\"https:\\\/\\\/viventem.ca\\\/home\\\/services\\\/translation-inu-eng-fr\\\/\"]}]},{\"@type\":\"ImageObject\",\"inLanguage\":\"fr-CA\",\"@id\":\"https:\\\/\\\/viventem.ca\\\/home\\\/services\\\/translation-inu-eng-fr\\\/#primaryimage\",\"url\":\"https:\\\/\\\/i0.wp.com\\\/viventem.ca\\\/wp-content\\\/uploads\\\/2022\\\/08\\\/shovel.png?fit=850%2C812&ssl=1\",\"contentUrl\":\"https:\\\/\\\/i0.wp.com\\\/viventem.ca\\\/wp-content\\\/uploads\\\/2022\\\/08\\\/shovel.png?fit=850%2C812&ssl=1\",\"width\":850,\"height\":812},{\"@type\":\"BreadcrumbList\",\"@id\":\"https:\\\/\\\/viventem.ca\\\/home\\\/services\\\/translation-inu-eng-fr\\\/#breadcrumb\",\"itemListElement\":[{\"@type\":\"ListItem\",\"position\":1,\"name\":\"Home\",\"item\":\"https:\\\/\\\/viventem.ca\\\/\"},{\"@type\":\"ListItem\",\"position\":2,\"name\":\"Home\",\"item\":\"https:\\\/\\\/viventem.ca\\\/\"},{\"@type\":\"ListItem\",\"position\":3,\"name\":\"Services\",\"item\":\"https:\\\/\\\/viventem.ca\\\/home\\\/services\\\/\"},{\"@type\":\"ListItem\",\"position\":4,\"name\":\"Translation (INU\\\/ENG\\\/FR)\"}]},{\"@type\":\"WebSite\",\"@id\":\"https:\\\/\\\/viventem.ca\\\/#website\",\"url\":\"https:\\\/\\\/viventem.ca\\\/\",\"name\":\"Viventem\",\"description\":\"Science Support Agency\",\"publisher\":{\"@id\":\"https:\\\/\\\/viventem.ca\\\/#organization\"},\"potentialAction\":[{\"@type\":\"SearchAction\",\"target\":{\"@type\":\"EntryPoint\",\"urlTemplate\":\"https:\\\/\\\/viventem.ca\\\/?s={search_term_string}\"},\"query-input\":{\"@type\":\"PropertyValueSpecification\",\"valueRequired\":true,\"valueName\":\"search_term_string\"}}],\"inLanguage\":\"fr-CA\"},{\"@type\":\"Organization\",\"@id\":\"https:\\\/\\\/viventem.ca\\\/#organization\",\"name\":\"Viventem - Science Support Agency\",\"url\":\"https:\\\/\\\/viventem.ca\\\/\",\"logo\":{\"@type\":\"ImageObject\",\"inLanguage\":\"fr-CA\",\"@id\":\"https:\\\/\\\/viventem.ca\\\/#\\\/schema\\\/logo\\\/image\\\/\",\"url\":\"https:\\\/\\\/i0.wp.com\\\/viventem.ca\\\/wp-content\\\/uploads\\\/2022\\\/06\\\/logo-34.png?fit=1200%2C769&ssl=1\",\"contentUrl\":\"https:\\\/\\\/i0.wp.com\\\/viventem.ca\\\/wp-content\\\/uploads\\\/2022\\\/06\\\/logo-34.png?fit=1200%2C769&ssl=1\",\"width\":1200,\"height\":769,\"caption\":\"Viventem - Science Support Agency\"},\"image\":{\"@id\":\"https:\\\/\\\/viventem.ca\\\/#\\\/schema\\\/logo\\\/image\\\/\"}}]}<\/script>\n<!-- \/ Yoast SEO plugin. -->","yoast_head_json":{"title":"Translation (INU\/ENG\/FR) - Viventem","description":"In collaboration with local translators and other communities, we offer French, English, and Inuinnaqtun translation services.","robots":{"index":"index","follow":"follow","max-snippet":"max-snippet:-1","max-image-preview":"max-image-preview:large","max-video-preview":"max-video-preview:-1"},"canonical":"https:\/\/viventem.ca\/fr\/home\/services\/translation-inu-eng-fr\/","og_locale":"fr_CA","og_type":"article","og_title":"Translation (INU\/ENG\/FR) - Viventem","og_description":"In collaboration with local translators and other communities, we offer French, English, and Inuinnaqtun translation services.","og_url":"https:\/\/viventem.ca\/fr\/home\/services\/translation-inu-eng-fr\/","og_site_name":"Viventem","article_modified_time":"2022-09-16T19:08:57+00:00","og_image":[{"width":850,"height":812,"url":"https:\/\/viventem.ca\/wp-content\/uploads\/2022\/08\/shovel.png","type":"image\/png"}],"twitter_card":"summary_large_image","twitter_misc":{"Estimation du temps de lecture":"1 minute"},"schema":{"@context":"https:\/\/schema.org","@graph":[{"@type":"WebPage","@id":"https:\/\/viventem.ca\/home\/services\/translation-inu-eng-fr\/","url":"https:\/\/viventem.ca\/home\/services\/translation-inu-eng-fr\/","name":"Translation (INU\/ENG\/FR) - Viventem","isPartOf":{"@id":"https:\/\/viventem.ca\/#website"},"primaryImageOfPage":{"@id":"https:\/\/viventem.ca\/home\/services\/translation-inu-eng-fr\/#primaryimage"},"image":{"@id":"https:\/\/viventem.ca\/home\/services\/translation-inu-eng-fr\/#primaryimage"},"thumbnailUrl":"https:\/\/i0.wp.com\/viventem.ca\/wp-content\/uploads\/2022\/08\/shovel.png?fit=850%2C812&ssl=1","datePublished":"2022-08-07T02:18:42+00:00","dateModified":"2022-09-16T19:08:57+00:00","description":"In collaboration with local translators and other communities, we offer French, English, and Inuinnaqtun translation services.","breadcrumb":{"@id":"https:\/\/viventem.ca\/home\/services\/translation-inu-eng-fr\/#breadcrumb"},"inLanguage":"fr-CA","potentialAction":[{"@type":"ReadAction","target":["https:\/\/viventem.ca\/home\/services\/translation-inu-eng-fr\/"]}]},{"@type":"ImageObject","inLanguage":"fr-CA","@id":"https:\/\/viventem.ca\/home\/services\/translation-inu-eng-fr\/#primaryimage","url":"https:\/\/i0.wp.com\/viventem.ca\/wp-content\/uploads\/2022\/08\/shovel.png?fit=850%2C812&ssl=1","contentUrl":"https:\/\/i0.wp.com\/viventem.ca\/wp-content\/uploads\/2022\/08\/shovel.png?fit=850%2C812&ssl=1","width":850,"height":812},{"@type":"BreadcrumbList","@id":"https:\/\/viventem.ca\/home\/services\/translation-inu-eng-fr\/#breadcrumb","itemListElement":[{"@type":"ListItem","position":1,"name":"Home","item":"https:\/\/viventem.ca\/"},{"@type":"ListItem","position":2,"name":"Home","item":"https:\/\/viventem.ca\/"},{"@type":"ListItem","position":3,"name":"Services","item":"https:\/\/viventem.ca\/home\/services\/"},{"@type":"ListItem","position":4,"name":"Translation (INU\/ENG\/FR)"}]},{"@type":"WebSite","@id":"https:\/\/viventem.ca\/#website","url":"https:\/\/viventem.ca\/","name":"Viventem","description":"Science Support Agency","publisher":{"@id":"https:\/\/viventem.ca\/#organization"},"potentialAction":[{"@type":"SearchAction","target":{"@type":"EntryPoint","urlTemplate":"https:\/\/viventem.ca\/?s={search_term_string}"},"query-input":{"@type":"PropertyValueSpecification","valueRequired":true,"valueName":"search_term_string"}}],"inLanguage":"fr-CA"},{"@type":"Organization","@id":"https:\/\/viventem.ca\/#organization","name":"Viventem - Science Support Agency","url":"https:\/\/viventem.ca\/","logo":{"@type":"ImageObject","inLanguage":"fr-CA","@id":"https:\/\/viventem.ca\/#\/schema\/logo\/image\/","url":"https:\/\/i0.wp.com\/viventem.ca\/wp-content\/uploads\/2022\/06\/logo-34.png?fit=1200%2C769&ssl=1","contentUrl":"https:\/\/i0.wp.com\/viventem.ca\/wp-content\/uploads\/2022\/06\/logo-34.png?fit=1200%2C769&ssl=1","width":1200,"height":769,"caption":"Viventem - Science Support Agency"},"image":{"@id":"https:\/\/viventem.ca\/#\/schema\/logo\/image\/"}}]}},"jetpack_likes_enabled":true,"jetpack_sharing_enabled":true,"jetpack_shortlink":"https:\/\/wp.me\/PdYiKa-dQ","jetpack-related-posts":[{"id":882,"url":"https:\/\/viventem.ca\/fr\/home\/services\/job-opportunities-and-internships\/","url_meta":{"origin":858,"position":0},"title":"Opportunit\u00e9s d'emploi et de stage","author":"sherryannebrown","date":"ao\u00fbt 6, 2022","format":false,"excerpt":"Il n'y a aucun poste \u00e0 combler pour le moment. Veuillez garder un \u0153il sur cette page pour de futures opportunit\u00e9s si vous \u00eates int\u00e9ress\u00e9s \u00e0 joindre l'\u00e9quipe !","rel":"","context":"Similar post","block_context":{"text":"Similar post","link":""},"img":{"alt_text":"","src":"https:\/\/i0.wp.com\/viventem.ca\/wp-content\/uploads\/2022\/08\/hole.png?fit=1010%2C900&ssl=1&resize=350%2C200","width":350,"height":200,"srcset":"https:\/\/i0.wp.com\/viventem.ca\/wp-content\/uploads\/2022\/08\/hole.png?fit=1010%2C900&ssl=1&resize=350%2C200 1x, https:\/\/i0.wp.com\/viventem.ca\/wp-content\/uploads\/2022\/08\/hole.png?fit=1010%2C900&ssl=1&resize=525%2C300 1.5x, https:\/\/i0.wp.com\/viventem.ca\/wp-content\/uploads\/2022\/08\/hole.png?fit=1010%2C900&ssl=1&resize=700%2C400 2x"},"classes":[]},{"id":887,"url":"https:\/\/viventem.ca\/fr\/home\/services\/other-services\/","url_meta":{"origin":858,"position":1},"title":"Autre","author":"sherryannebrown","date":"ao\u00fbt 6, 2022","format":false,"excerpt":"Nous offrons une vari\u00e9t\u00e9 de services pour r\u00e9pondre aux besoins sp\u00e9cifiques des \u00e9quipes de recherche.","rel":"","context":"Similar post","block_context":{"text":"Similar post","link":""},"img":{"alt_text":"","src":"https:\/\/i0.wp.com\/viventem.ca\/wp-content\/uploads\/2022\/08\/fishing.png?fit=938%2C923&ssl=1&resize=350%2C200","width":350,"height":200,"srcset":"https:\/\/i0.wp.com\/viventem.ca\/wp-content\/uploads\/2022\/08\/fishing.png?fit=938%2C923&ssl=1&resize=350%2C200 1x, https:\/\/i0.wp.com\/viventem.ca\/wp-content\/uploads\/2022\/08\/fishing.png?fit=938%2C923&ssl=1&resize=525%2C300 1.5x, https:\/\/i0.wp.com\/viventem.ca\/wp-content\/uploads\/2022\/08\/fishing.png?fit=938%2C923&ssl=1&resize=700%2C400 2x"},"classes":[]},{"id":853,"url":"https:\/\/viventem.ca\/fr\/home\/services\/scientific-outreach\/","url_meta":{"origin":858,"position":2},"title":"Vulgarisation scientifique","author":"sherryannebrown","date":"ao\u00fbt 6, 2022","format":false,"excerpt":"Nous valorisons grandement le partage des connaissances scientifiques et aidons \u00e0 les rendre accessibles \u00e0 tous.","rel":"","context":"Similar post","block_context":{"text":"Similar post","link":""},"img":{"alt_text":"","src":"https:\/\/i0.wp.com\/viventem.ca\/wp-content\/uploads\/2022\/08\/hatchet.png?fit=976%2C865&ssl=1&resize=350%2C200","width":350,"height":200,"srcset":"https:\/\/i0.wp.com\/viventem.ca\/wp-content\/uploads\/2022\/08\/hatchet.png?fit=976%2C865&ssl=1&resize=350%2C200 1x, https:\/\/i0.wp.com\/viventem.ca\/wp-content\/uploads\/2022\/08\/hatchet.png?fit=976%2C865&ssl=1&resize=525%2C300 1.5x, https:\/\/i0.wp.com\/viventem.ca\/wp-content\/uploads\/2022\/08\/hatchet.png?fit=976%2C865&ssl=1&resize=700%2C400 2x"},"classes":[]},{"id":58,"url":"https:\/\/viventem.ca\/fr\/home\/about-map\/contact\/","url_meta":{"origin":858,"position":3},"title":"Nous joindre","author":"sherryannebrown","date":"juin 16, 2022","format":false,"excerpt":"Are you interested in reaching out to Viventem? Contact us!","rel":"","context":"Similar post","block_context":{"text":"Similar post","link":""},"img":{"alt_text":"A man standing in a field holding a piece of research equipment.","src":"https:\/\/i0.wp.com\/viventem.ca\/wp-content\/uploads\/2022\/07\/EI_20220707_27-Copie.jpg?fit=1199%2C1200&ssl=1&resize=350%2C200","width":350,"height":200,"srcset":"https:\/\/i0.wp.com\/viventem.ca\/wp-content\/uploads\/2022\/07\/EI_20220707_27-Copie.jpg?fit=1199%2C1200&ssl=1&resize=350%2C200 1x, https:\/\/i0.wp.com\/viventem.ca\/wp-content\/uploads\/2022\/07\/EI_20220707_27-Copie.jpg?fit=1199%2C1200&ssl=1&resize=525%2C300 1.5x, https:\/\/i0.wp.com\/viventem.ca\/wp-content\/uploads\/2022\/07\/EI_20220707_27-Copie.jpg?fit=1199%2C1200&ssl=1&resize=700%2C400 2x, https:\/\/i0.wp.com\/viventem.ca\/wp-content\/uploads\/2022\/07\/EI_20220707_27-Copie.jpg?fit=1199%2C1200&ssl=1&resize=1050%2C600 3x"},"classes":[]},{"id":52,"url":"https:\/\/viventem.ca\/fr\/home\/services\/","url_meta":{"origin":858,"position":4},"title":"Services","author":"sherryannebrown","date":"juin 16, 2022","format":false,"excerpt":"Learn about the many services Viventem offers.","rel":"","context":"Similar post","block_context":{"text":"Similar post","link":""},"img":{"alt_text":"A close up shot of a researcher proudly holding a piece of equipment while standing on an ice covered body of water.","src":"https:\/\/i0.wp.com\/viventem.ca\/wp-content\/uploads\/2022\/07\/284011238_417618423551068_4646017557157632761_n-1.jpg?fit=1200%2C550&ssl=1&resize=350%2C200","width":350,"height":200,"srcset":"https:\/\/i0.wp.com\/viventem.ca\/wp-content\/uploads\/2022\/07\/284011238_417618423551068_4646017557157632761_n-1.jpg?fit=1200%2C550&ssl=1&resize=350%2C200 1x, https:\/\/i0.wp.com\/viventem.ca\/wp-content\/uploads\/2022\/07\/284011238_417618423551068_4646017557157632761_n-1.jpg?fit=1200%2C550&ssl=1&resize=525%2C300 1.5x, https:\/\/i0.wp.com\/viventem.ca\/wp-content\/uploads\/2022\/07\/284011238_417618423551068_4646017557157632761_n-1.jpg?fit=1200%2C550&ssl=1&resize=700%2C400 2x, https:\/\/i0.wp.com\/viventem.ca\/wp-content\/uploads\/2022\/07\/284011238_417618423551068_4646017557157632761_n-1.jpg?fit=1200%2C550&ssl=1&resize=1050%2C600 3x"},"classes":[]},{"id":54,"url":"https:\/\/viventem.ca\/fr\/home\/about-map\/team\/","url_meta":{"origin":858,"position":5},"title":"Notre \u00e9quipe","author":"sherryannebrown","date":"juin 16, 2022","format":false,"excerpt":"Nous pouvons r\u00e9pondre aux besoins d'un maximum d'\u00e9quipes gr\u00e2ce \u00e0 la collaboration avec des Nunavummiut fiables et comp\u00e9tents. Leur aide fait toute la diff\u00e9rence, surtout au cours de la saison d'\u00e9chantillonnage estivale bien charg\u00e9e.","rel":"","context":"Similar post","block_context":{"text":"Similar post","link":""},"img":{"alt_text":"Four researchers standing in a row in the Arctic plains during the spring.","src":"https:\/\/i0.wp.com\/viventem.ca\/wp-content\/uploads\/2022\/07\/EI_20220718_7.jpg?fit=1200%2C901&ssl=1&resize=350%2C200","width":350,"height":200,"srcset":"https:\/\/i0.wp.com\/viventem.ca\/wp-content\/uploads\/2022\/07\/EI_20220718_7.jpg?fit=1200%2C901&ssl=1&resize=350%2C200 1x, https:\/\/i0.wp.com\/viventem.ca\/wp-content\/uploads\/2022\/07\/EI_20220718_7.jpg?fit=1200%2C901&ssl=1&resize=525%2C300 1.5x, https:\/\/i0.wp.com\/viventem.ca\/wp-content\/uploads\/2022\/07\/EI_20220718_7.jpg?fit=1200%2C901&ssl=1&resize=700%2C400 2x, https:\/\/i0.wp.com\/viventem.ca\/wp-content\/uploads\/2022\/07\/EI_20220718_7.jpg?fit=1200%2C901&ssl=1&resize=1050%2C600 3x"},"classes":[]}],"_links":{"self":[{"href":"https:\/\/viventem.ca\/fr\/wp-json\/wp\/v2\/pages\/858","targetHints":{"allow":["GET"]}}],"collection":[{"href":"https:\/\/viventem.ca\/fr\/wp-json\/wp\/v2\/pages"}],"about":[{"href":"https:\/\/viventem.ca\/fr\/wp-json\/wp\/v2\/types\/page"}],"author":[{"embeddable":true,"href":"https:\/\/viventem.ca\/fr\/wp-json\/wp\/v2\/users\/221298267"}],"replies":[{"embeddable":true,"href":"https:\/\/viventem.ca\/fr\/wp-json\/wp\/v2\/comments?post=858"}],"version-history":[{"count":16,"href":"https:\/\/viventem.ca\/fr\/wp-json\/wp\/v2\/pages\/858\/revisions"}],"predecessor-version":[{"id":2760,"href":"https:\/\/viventem.ca\/fr\/wp-json\/wp\/v2\/pages\/858\/revisions\/2760"}],"up":[{"embeddable":true,"href":"https:\/\/viventem.ca\/fr\/wp-json\/wp\/v2\/pages\/52"}],"wp:featuredmedia":[{"embeddable":true,"href":"https:\/\/viventem.ca\/fr\/wp-json\/wp\/v2\/media\/779"}],"wp:attachment":[{"href":"https:\/\/viventem.ca\/fr\/wp-json\/wp\/v2\/media?parent=858"}],"curies":[{"name":"wp","href":"https:\/\/api.w.org\/{rel}","templated":true}]}}