{"id":795,"date":"2022-08-06T14:27:52","date_gmt":"2022-08-06T20:27:52","guid":{"rendered":"https:\/\/viventem.ca\/?page_id=795"},"modified":"2022-09-16T13:06:41","modified_gmt":"2022-09-16T19:06:41","slug":"sampling-and-laboratory-work","status":"publish","type":"page","link":"https:\/\/viventem.ca\/fr\/home\/services\/sampling-and-laboratory-work\/","title":{"rendered":"\u00c9chantillonnage et laboratoire"},"content":{"rendered":"<div data-elementor-type=\"wp-page\" data-elementor-id=\"795\" class=\"elementor elementor-795\">\n\t\t\t\t\t\t<section class=\"elementor-section elementor-top-section elementor-element elementor-element-94a3ccd elementor-section-boxed elementor-section-height-default elementor-section-height-default\" data-id=\"94a3ccd\" data-element_type=\"section\" data-e-type=\"section\">\n\t\t\t\t\t\t<div class=\"elementor-container elementor-column-gap-default\">\n\t\t\t\t\t<div class=\"elementor-column elementor-col-100 elementor-top-column elementor-element elementor-element-e712fac\" data-id=\"e712fac\" data-element_type=\"column\" data-e-type=\"column\">\n\t\t\t<div class=\"elementor-widget-wrap elementor-element-populated\">\n\t\t\t\t\t\t<div class=\"elementor-element elementor-element-d38c674 elementor-widget elementor-widget-spacer\" data-id=\"d38c674\" data-element_type=\"widget\" data-e-type=\"widget\" data-widget_type=\"spacer.default\">\n\t\t\t\t<div class=\"elementor-widget-container\">\n\t\t\t\t\t\t\t<div class=\"elementor-spacer\">\n\t\t\t<div class=\"elementor-spacer-inner\"><\/div>\n\t\t<\/div>\n\t\t\t\t\t\t<\/div>\n\t\t\t\t<\/div>\n\t\t\t\t<div class=\"elementor-element elementor-element-1795fe6 elementor-widget elementor-widget-heading\" data-id=\"1795fe6\" data-element_type=\"widget\" data-e-type=\"widget\" data-widget_type=\"heading.default\">\n\t\t\t\t<div class=\"elementor-widget-container\">\n\t\t\t\t\t<h2 class=\"elementor-heading-title elementor-size-default\">\u00c9chantillonnage et laboratoire<\/h2>\t\t\t\t<\/div>\n\t\t\t\t<\/div>\n\t\t\t\t<section class=\"elementor-section elementor-inner-section elementor-element elementor-element-48c71ef elementor-section-boxed elementor-section-height-default elementor-section-height-default\" data-id=\"48c71ef\" data-element_type=\"section\" data-e-type=\"section\">\n\t\t\t\t\t\t<div class=\"elementor-container elementor-column-gap-default\">\n\t\t\t\t\t<div class=\"elementor-column elementor-col-50 elementor-inner-column elementor-element elementor-element-e925354\" data-id=\"e925354\" data-element_type=\"column\" data-e-type=\"column\">\n\t\t\t<div class=\"elementor-widget-wrap elementor-element-populated\">\n\t\t\t\t\t\t<div class=\"elementor-element elementor-element-23db9aa elementor-widget elementor-widget-spacer\" data-id=\"23db9aa\" data-element_type=\"widget\" data-e-type=\"widget\" data-widget_type=\"spacer.default\">\n\t\t\t\t<div class=\"elementor-widget-container\">\n\t\t\t\t\t\t\t<div class=\"elementor-spacer\">\n\t\t\t<div class=\"elementor-spacer-inner\"><\/div>\n\t\t<\/div>\n\t\t\t\t\t\t<\/div>\n\t\t\t\t<\/div>\n\t\t\t\t<div class=\"elementor-element elementor-element-efe7c7a elementor-widget elementor-widget-text-editor\" data-id=\"efe7c7a\" data-element_type=\"widget\" data-e-type=\"widget\" data-widget_type=\"text-editor.default\">\n\t\t\t\t<div class=\"elementor-widget-container\">\n\t\t\t\t\t\t\t\t\t<p style=\"font-size: 16px;\"><span style=\"color: var( --e-global-color-text );\">Nous supportons de nombreuses \u00e9quipes \u00e0 distance et en personne dans la r\u00e9alisation de leur \u00e9chantillonnage.<\/span><\/p><p style=\"font-size: 16px;\"><span style=\"color: var( --e-global-color-text );\">Pour toutes questions relatives aux tarifs et afin de savoir si nous sommes en mesure de soutenir votre projet, veuillez\u00a0<\/span><a style=\"background-color: #ffffff;\" href=\"https:\/\/viventem.ca\/fr\/home\/contact\/\" target=\"_blank\" rel=\"noopener\">nous contacter<\/a><span style=\"color: var( --e-global-color-text );\">\u00a0et d\u00e9tailler vos besoins.<\/span><\/p><p style=\"font-size: 16px;\">Toutes les \u00e9quipes doivent obtenir par eux-m\u00eame leurs permis de recherche avant le d\u00e9but de tout travail terrain.<\/p>\t\t\t\t\t\t\t\t<\/div>\n\t\t\t\t<\/div>\n\t\t\t\t\t<\/div>\n\t\t<\/div>\n\t\t\t\t<div class=\"elementor-column elementor-col-50 elementor-inner-column elementor-element elementor-element-c5a3a9e\" data-id=\"c5a3a9e\" data-element_type=\"column\" data-e-type=\"column\">\n\t\t\t<div class=\"elementor-widget-wrap\">\n\t\t\t\t\t\t\t<\/div>\n\t\t<\/div>\n\t\t\t\t\t<\/div>\n\t\t<\/section>\n\t\t\t\t<div class=\"elementor-element elementor-element-7da2b86 elementor-widget elementor-widget-heading\" data-id=\"7da2b86\" data-element_type=\"widget\" data-e-type=\"widget\" data-widget_type=\"heading.default\">\n\t\t\t\t<div class=\"elementor-widget-container\">\n\t\t\t\t\t<h2 class=\"elementor-heading-title elementor-size-default\">We are familiar, but not limited to:<\/h2>\t\t\t\t<\/div>\n\t\t\t\t<\/div>\n\t\t\t\t<div class=\"elementor-element elementor-element-fa46038 elementor-widget elementor-widget-text-editor\" data-id=\"fa46038\" data-element_type=\"widget\" data-e-type=\"widget\" data-widget_type=\"text-editor.default\">\n\t\t\t\t<div class=\"elementor-widget-container\">\n\t\t\t\t\t\t\t\t\t<p style=\"font-size: 16px;\"><span style=\"font-weight: bold;\">Neige<\/span><br><\/p>\n<ul style=\"font-size: 16px;\">\n<li>Snowpit \u2013 caract\u00e9risation physique de la neige par couches d\u2019accumulation avec mesures de densit\u00e9<\/li>\n<li>Mesures de flux de gaz : neige \/ atmosph\u00e8re<\/li>\n<\/ul>\n<p style=\"font-size: 16px;\"><span style=\"font-weight: bold;\">Glace<\/span><\/p>\n<p><span style=\"color: var( --e-global-color-text );\">Carottage de glace d'eau douce et de mer<\/span><br><span style=\"color: var( --e-global-color-text );\">Mesures de flux de gaz : glace \/ atmosph\u00e8re<\/span><\/p>\n<p style=\"font-size: 16px;\"><span style=\"font-weight: bold;\">Poissons<\/span><\/p>\n<ul style=\"font-size: 16px;\">\n<li>P\u00eache au filet (lacs et oc\u00e9an)<\/li>\n<li>Dissection de poissons<\/li>\n<li>Pr\u00e9l\u00e8vement des otolithes<\/li>\n<\/ul>\n<p style=\"font-size: 16px;\"><span style=\"font-weight: bold;\">Eau: eau douce et oc\u00e9an<\/span><\/p>\n<ul style=\"font-size: 16px;\">\n<li>\u00c9chantillonnage d\u2019eau \u00e0 l\u2019ann\u00e9e (sous la glace)<\/li>\n<li>\u00c9chantillonnage d\u2019eau d\u2019\u00e9tangs, ruisseaux, rivi\u00e8res, lacs et oc\u00e9an<\/li>\n<li>Filtration d\u2019eau<\/li>\n<li>R\u00e9colte d\u2019eau de pluie<\/li>\n<li>Collecte de macro et microorganismes d\u2019\u00e9tangs, lacs et rivi\u00e8res\n<ul>\n<li>Identification<\/li>\n<li>Tri<\/li>\n<li>Pr\u00e9servation<\/li>\n<\/ul>\n<\/li>\n<li>\u00c9chantillonnage et suivi de la qualit\u00e9 de l'eau\n<ul>\n<li>YSI<\/li>\n<li>Sondes C.T.D<\/li>\n<li>pH-m\u00e8tre<\/li>\n<li>Disque de Secchi<\/li>\n<\/ul>\n<\/li>\n<\/ul>\n<p style=\"font-size: 16px;\"><span style=\"font-weight: bold;\">Plantes<\/span><\/p>\n<ul>\n<li><span style=\"color: var( --e-global-color-text );\">Identification et inventaire<\/span><\/li>\n<li><span style=\"color: var( --e-global-color-text );\">Collecte<\/span><\/li>\n<li><span style=\"color: var( --e-global-color-text );\">Pressage<\/span><\/li>\n<\/ul>\n<p style=\"font-size: 16px;\"><span style=\"font-weight: bold;\">Faune<\/span><\/p>\n<ul style=\"font-size: 16px;\">\n<li>Localiser et enregistrer les emplacements de tani\u00e8res des renards<\/li>\n<li>Oiseaux\n<ul>\n<li>identification visuelle<\/li>\n<li>d\u00e9compte de nids et d\u2019oeufs<\/li>\n<li>aide \u00e0 la capture et au marquage<\/li>\n<\/ul>\n<\/li>\n<\/ul>\n<p style=\"font-size: 16px;\"><span style=\"font-weight: bold;\">Technologie<\/span><\/p>\n<ul style=\"font-size: 16px;\">\n<li>Entretien et r\u00e9paration d\u2019instruments<\/li>\n<li>Installation et utilisation d\u2019enregistreurs sonores et de cam\u00e9ras<\/li>\n<li>Installation et retrait d'\u00e9chantillonneurs \u00e0 long terme (marin, eau douce)<\/li>\n<li>Installation, maintien et suivi de tours m\u00e9t\u00e9orologiques et d'eddy-covariance<\/li>\n<\/ul>\t\t\t\t\t\t\t\t<\/div>\n\t\t\t\t<\/div>\n\t\t\t\t\t<\/div>\n\t\t<\/div>\n\t\t\t\t\t<\/div>\n\t\t<\/section>\n\t\t\t\t<section class=\"elementor-section elementor-top-section elementor-element elementor-element-255cd48 elementor-section-boxed elementor-section-height-default elementor-section-height-default\" data-id=\"255cd48\" data-element_type=\"section\" data-e-type=\"section\">\n\t\t\t\t\t\t<div class=\"elementor-container elementor-column-gap-default\">\n\t\t\t\t\t<div class=\"elementor-column elementor-col-100 elementor-top-column elementor-element elementor-element-cd16c13\" data-id=\"cd16c13\" data-element_type=\"column\" data-e-type=\"column\">\n\t\t\t<div class=\"elementor-widget-wrap\">\n\t\t\t\t\t\t\t<\/div>\n\t\t<\/div>\n\t\t\t\t\t<\/div>\n\t\t<\/section>\n\t\t\t\t<\/div>","protected":false},"excerpt":{"rendered":"<p>Nous offrons l'accompagnement ou la r\u00e9alisation compl\u00e8te de vos campagnes d'\u00e9chantillonnage.<\/p>","protected":false},"author":221298267,"featured_media":782,"parent":52,"menu_order":0,"comment_status":"closed","ping_status":"closed","template":"","meta":{"footnotes":""},"class_list":["post-795","page","type-page","status-publish","has-post-thumbnail","hentry"],"yoast_head":"<!-- This site is optimized with the Yoast SEO plugin v27.4 - https:\/\/yoast.com\/product\/yoast-seo-wordpress\/ -->\n<title>Sampling and Laboratory Work - Viventem<\/title>\n<meta name=\"description\" content=\"The Viventem team supports research teams both remotely and in person in their sampling and laboratory work.\" \/>\n<meta name=\"robots\" content=\"index, follow, max-snippet:-1, max-image-preview:large, max-video-preview:-1\" \/>\n<link rel=\"canonical\" href=\"https:\/\/viventem.ca\/fr\/home\/services\/sampling-and-laboratory-work\/\" \/>\n<meta property=\"og:locale\" content=\"fr_CA\" \/>\n<meta property=\"og:type\" content=\"article\" \/>\n<meta property=\"og:title\" content=\"Sampling and Laboratory Work - Viventem\" \/>\n<meta property=\"og:description\" content=\"The Viventem team supports research teams both remotely and in person in their sampling and laboratory work.\" \/>\n<meta property=\"og:url\" content=\"https:\/\/viventem.ca\/fr\/home\/services\/sampling-and-laboratory-work\/\" \/>\n<meta property=\"og:site_name\" content=\"Viventem\" \/>\n<meta property=\"article:modified_time\" content=\"2022-09-16T19:06:41+00:00\" \/>\n<meta property=\"og:image\" content=\"https:\/\/viventem.ca\/wp-content\/uploads\/2022\/08\/tadpoles-maybe.png\" \/>\n\t<meta property=\"og:image:width\" content=\"920\" \/>\n\t<meta property=\"og:image:height\" content=\"895\" \/>\n\t<meta property=\"og:image:type\" content=\"image\/png\" \/>\n<meta name=\"twitter:card\" content=\"summary_large_image\" \/>\n<meta name=\"twitter:label1\" content=\"Estimation du temps de lecture\" \/>\n\t<meta name=\"twitter:data1\" content=\"1 minute\" \/>\n<script type=\"application\/ld+json\" class=\"yoast-schema-graph\">{\"@context\":\"https:\\\/\\\/schema.org\",\"@graph\":[{\"@type\":\"WebPage\",\"@id\":\"https:\\\/\\\/viventem.ca\\\/home\\\/services\\\/sampling-and-laboratory-work\\\/\",\"url\":\"https:\\\/\\\/viventem.ca\\\/home\\\/services\\\/sampling-and-laboratory-work\\\/\",\"name\":\"Sampling and Laboratory Work - Viventem\",\"isPartOf\":{\"@id\":\"https:\\\/\\\/viventem.ca\\\/#website\"},\"primaryImageOfPage\":{\"@id\":\"https:\\\/\\\/viventem.ca\\\/home\\\/services\\\/sampling-and-laboratory-work\\\/#primaryimage\"},\"image\":{\"@id\":\"https:\\\/\\\/viventem.ca\\\/home\\\/services\\\/sampling-and-laboratory-work\\\/#primaryimage\"},\"thumbnailUrl\":\"https:\\\/\\\/i0.wp.com\\\/viventem.ca\\\/wp-content\\\/uploads\\\/2022\\\/08\\\/tadpoles-maybe.png?fit=920%2C895&ssl=1\",\"datePublished\":\"2022-08-06T20:27:52+00:00\",\"dateModified\":\"2022-09-16T19:06:41+00:00\",\"description\":\"The Viventem team supports research teams both remotely and in person in their sampling and laboratory work.\",\"breadcrumb\":{\"@id\":\"https:\\\/\\\/viventem.ca\\\/home\\\/services\\\/sampling-and-laboratory-work\\\/#breadcrumb\"},\"inLanguage\":\"fr-CA\",\"potentialAction\":[{\"@type\":\"ReadAction\",\"target\":[\"https:\\\/\\\/viventem.ca\\\/home\\\/services\\\/sampling-and-laboratory-work\\\/\"]}]},{\"@type\":\"ImageObject\",\"inLanguage\":\"fr-CA\",\"@id\":\"https:\\\/\\\/viventem.ca\\\/home\\\/services\\\/sampling-and-laboratory-work\\\/#primaryimage\",\"url\":\"https:\\\/\\\/i0.wp.com\\\/viventem.ca\\\/wp-content\\\/uploads\\\/2022\\\/08\\\/tadpoles-maybe.png?fit=920%2C895&ssl=1\",\"contentUrl\":\"https:\\\/\\\/i0.wp.com\\\/viventem.ca\\\/wp-content\\\/uploads\\\/2022\\\/08\\\/tadpoles-maybe.png?fit=920%2C895&ssl=1\",\"width\":920,\"height\":895},{\"@type\":\"BreadcrumbList\",\"@id\":\"https:\\\/\\\/viventem.ca\\\/home\\\/services\\\/sampling-and-laboratory-work\\\/#breadcrumb\",\"itemListElement\":[{\"@type\":\"ListItem\",\"position\":1,\"name\":\"Home\",\"item\":\"https:\\\/\\\/viventem.ca\\\/\"},{\"@type\":\"ListItem\",\"position\":2,\"name\":\"Home\",\"item\":\"https:\\\/\\\/viventem.ca\\\/\"},{\"@type\":\"ListItem\",\"position\":3,\"name\":\"Services\",\"item\":\"https:\\\/\\\/viventem.ca\\\/home\\\/services\\\/\"},{\"@type\":\"ListItem\",\"position\":4,\"name\":\"Sampling and Laboratory Work\"}]},{\"@type\":\"WebSite\",\"@id\":\"https:\\\/\\\/viventem.ca\\\/#website\",\"url\":\"https:\\\/\\\/viventem.ca\\\/\",\"name\":\"Viventem\",\"description\":\"Science Support Agency\",\"publisher\":{\"@id\":\"https:\\\/\\\/viventem.ca\\\/#organization\"},\"potentialAction\":[{\"@type\":\"SearchAction\",\"target\":{\"@type\":\"EntryPoint\",\"urlTemplate\":\"https:\\\/\\\/viventem.ca\\\/?s={search_term_string}\"},\"query-input\":{\"@type\":\"PropertyValueSpecification\",\"valueRequired\":true,\"valueName\":\"search_term_string\"}}],\"inLanguage\":\"fr-CA\"},{\"@type\":\"Organization\",\"@id\":\"https:\\\/\\\/viventem.ca\\\/#organization\",\"name\":\"Viventem - Science Support Agency\",\"url\":\"https:\\\/\\\/viventem.ca\\\/\",\"logo\":{\"@type\":\"ImageObject\",\"inLanguage\":\"fr-CA\",\"@id\":\"https:\\\/\\\/viventem.ca\\\/#\\\/schema\\\/logo\\\/image\\\/\",\"url\":\"https:\\\/\\\/i0.wp.com\\\/viventem.ca\\\/wp-content\\\/uploads\\\/2022\\\/06\\\/logo-34.png?fit=1200%2C769&ssl=1\",\"contentUrl\":\"https:\\\/\\\/i0.wp.com\\\/viventem.ca\\\/wp-content\\\/uploads\\\/2022\\\/06\\\/logo-34.png?fit=1200%2C769&ssl=1\",\"width\":1200,\"height\":769,\"caption\":\"Viventem - Science Support Agency\"},\"image\":{\"@id\":\"https:\\\/\\\/viventem.ca\\\/#\\\/schema\\\/logo\\\/image\\\/\"}}]}<\/script>\n<!-- \/ Yoast SEO plugin. -->","yoast_head_json":{"title":"Sampling and Laboratory Work - Viventem","description":"The Viventem team supports research teams both remotely and in person in their sampling and laboratory work.","robots":{"index":"index","follow":"follow","max-snippet":"max-snippet:-1","max-image-preview":"max-image-preview:large","max-video-preview":"max-video-preview:-1"},"canonical":"https:\/\/viventem.ca\/fr\/home\/services\/sampling-and-laboratory-work\/","og_locale":"fr_CA","og_type":"article","og_title":"Sampling and Laboratory Work - Viventem","og_description":"The Viventem team supports research teams both remotely and in person in their sampling and laboratory work.","og_url":"https:\/\/viventem.ca\/fr\/home\/services\/sampling-and-laboratory-work\/","og_site_name":"Viventem","article_modified_time":"2022-09-16T19:06:41+00:00","og_image":[{"width":920,"height":895,"url":"https:\/\/viventem.ca\/wp-content\/uploads\/2022\/08\/tadpoles-maybe.png","type":"image\/png"}],"twitter_card":"summary_large_image","twitter_misc":{"Estimation du temps de lecture":"1 minute"},"schema":{"@context":"https:\/\/schema.org","@graph":[{"@type":"WebPage","@id":"https:\/\/viventem.ca\/home\/services\/sampling-and-laboratory-work\/","url":"https:\/\/viventem.ca\/home\/services\/sampling-and-laboratory-work\/","name":"Sampling and Laboratory Work - Viventem","isPartOf":{"@id":"https:\/\/viventem.ca\/#website"},"primaryImageOfPage":{"@id":"https:\/\/viventem.ca\/home\/services\/sampling-and-laboratory-work\/#primaryimage"},"image":{"@id":"https:\/\/viventem.ca\/home\/services\/sampling-and-laboratory-work\/#primaryimage"},"thumbnailUrl":"https:\/\/i0.wp.com\/viventem.ca\/wp-content\/uploads\/2022\/08\/tadpoles-maybe.png?fit=920%2C895&ssl=1","datePublished":"2022-08-06T20:27:52+00:00","dateModified":"2022-09-16T19:06:41+00:00","description":"The Viventem team supports research teams both remotely and in person in their sampling and laboratory work.","breadcrumb":{"@id":"https:\/\/viventem.ca\/home\/services\/sampling-and-laboratory-work\/#breadcrumb"},"inLanguage":"fr-CA","potentialAction":[{"@type":"ReadAction","target":["https:\/\/viventem.ca\/home\/services\/sampling-and-laboratory-work\/"]}]},{"@type":"ImageObject","inLanguage":"fr-CA","@id":"https:\/\/viventem.ca\/home\/services\/sampling-and-laboratory-work\/#primaryimage","url":"https:\/\/i0.wp.com\/viventem.ca\/wp-content\/uploads\/2022\/08\/tadpoles-maybe.png?fit=920%2C895&ssl=1","contentUrl":"https:\/\/i0.wp.com\/viventem.ca\/wp-content\/uploads\/2022\/08\/tadpoles-maybe.png?fit=920%2C895&ssl=1","width":920,"height":895},{"@type":"BreadcrumbList","@id":"https:\/\/viventem.ca\/home\/services\/sampling-and-laboratory-work\/#breadcrumb","itemListElement":[{"@type":"ListItem","position":1,"name":"Home","item":"https:\/\/viventem.ca\/"},{"@type":"ListItem","position":2,"name":"Home","item":"https:\/\/viventem.ca\/"},{"@type":"ListItem","position":3,"name":"Services","item":"https:\/\/viventem.ca\/home\/services\/"},{"@type":"ListItem","position":4,"name":"Sampling and Laboratory Work"}]},{"@type":"WebSite","@id":"https:\/\/viventem.ca\/#website","url":"https:\/\/viventem.ca\/","name":"Viventem","description":"Science Support Agency","publisher":{"@id":"https:\/\/viventem.ca\/#organization"},"potentialAction":[{"@type":"SearchAction","target":{"@type":"EntryPoint","urlTemplate":"https:\/\/viventem.ca\/?s={search_term_string}"},"query-input":{"@type":"PropertyValueSpecification","valueRequired":true,"valueName":"search_term_string"}}],"inLanguage":"fr-CA"},{"@type":"Organization","@id":"https:\/\/viventem.ca\/#organization","name":"Viventem - Science Support Agency","url":"https:\/\/viventem.ca\/","logo":{"@type":"ImageObject","inLanguage":"fr-CA","@id":"https:\/\/viventem.ca\/#\/schema\/logo\/image\/","url":"https:\/\/i0.wp.com\/viventem.ca\/wp-content\/uploads\/2022\/06\/logo-34.png?fit=1200%2C769&ssl=1","contentUrl":"https:\/\/i0.wp.com\/viventem.ca\/wp-content\/uploads\/2022\/06\/logo-34.png?fit=1200%2C769&ssl=1","width":1200,"height":769,"caption":"Viventem - Science Support Agency"},"image":{"@id":"https:\/\/viventem.ca\/#\/schema\/logo\/image\/"}}]}},"jetpack_likes_enabled":true,"jetpack_sharing_enabled":true,"jetpack_shortlink":"https:\/\/wp.me\/PdYiKa-cP","jetpack-related-posts":[{"id":54,"url":"https:\/\/viventem.ca\/fr\/home\/about-map\/team\/","url_meta":{"origin":795,"position":0},"title":"Notre \u00e9quipe","author":"sherryannebrown","date":"juin 16, 2022","format":false,"excerpt":"Nous pouvons r\u00e9pondre aux besoins d'un maximum d'\u00e9quipes gr\u00e2ce \u00e0 la collaboration avec des Nunavummiut fiables et comp\u00e9tents. Leur aide fait toute la diff\u00e9rence, surtout au cours de la saison d'\u00e9chantillonnage estivale bien charg\u00e9e.","rel":"","context":"Similar post","block_context":{"text":"Similar post","link":""},"img":{"alt_text":"Four researchers standing in a row in the Arctic plains during the spring.","src":"https:\/\/i0.wp.com\/viventem.ca\/wp-content\/uploads\/2022\/07\/EI_20220718_7.jpg?fit=1200%2C901&ssl=1&resize=350%2C200","width":350,"height":200,"srcset":"https:\/\/i0.wp.com\/viventem.ca\/wp-content\/uploads\/2022\/07\/EI_20220718_7.jpg?fit=1200%2C901&ssl=1&resize=350%2C200 1x, https:\/\/i0.wp.com\/viventem.ca\/wp-content\/uploads\/2022\/07\/EI_20220718_7.jpg?fit=1200%2C901&ssl=1&resize=525%2C300 1.5x, https:\/\/i0.wp.com\/viventem.ca\/wp-content\/uploads\/2022\/07\/EI_20220718_7.jpg?fit=1200%2C901&ssl=1&resize=700%2C400 2x, https:\/\/i0.wp.com\/viventem.ca\/wp-content\/uploads\/2022\/07\/EI_20220718_7.jpg?fit=1200%2C901&ssl=1&resize=1050%2C600 3x"},"classes":[]},{"id":52,"url":"https:\/\/viventem.ca\/fr\/home\/services\/","url_meta":{"origin":795,"position":1},"title":"Services","author":"sherryannebrown","date":"juin 16, 2022","format":false,"excerpt":"Learn about the many services Viventem offers.","rel":"","context":"Similar post","block_context":{"text":"Similar post","link":""},"img":{"alt_text":"A close up shot of a researcher proudly holding a piece of equipment while standing on an ice covered body of water.","src":"https:\/\/i0.wp.com\/viventem.ca\/wp-content\/uploads\/2022\/07\/284011238_417618423551068_4646017557157632761_n-1.jpg?fit=1200%2C550&ssl=1&resize=350%2C200","width":350,"height":200,"srcset":"https:\/\/i0.wp.com\/viventem.ca\/wp-content\/uploads\/2022\/07\/284011238_417618423551068_4646017557157632761_n-1.jpg?fit=1200%2C550&ssl=1&resize=350%2C200 1x, https:\/\/i0.wp.com\/viventem.ca\/wp-content\/uploads\/2022\/07\/284011238_417618423551068_4646017557157632761_n-1.jpg?fit=1200%2C550&ssl=1&resize=525%2C300 1.5x, https:\/\/i0.wp.com\/viventem.ca\/wp-content\/uploads\/2022\/07\/284011238_417618423551068_4646017557157632761_n-1.jpg?fit=1200%2C550&ssl=1&resize=700%2C400 2x, https:\/\/i0.wp.com\/viventem.ca\/wp-content\/uploads\/2022\/07\/284011238_417618423551068_4646017557157632761_n-1.jpg?fit=1200%2C550&ssl=1&resize=1050%2C600 3x"},"classes":[]},{"id":50,"url":"https:\/\/viventem.ca\/fr\/home\/about-map\/about\/","url_meta":{"origin":795,"position":2},"title":"Mission","author":"sherryannebrown","date":"juin 16, 2022","format":false,"excerpt":"At Viventem, we use our academic and guiding expertise to contribute to the improvement of Arctic scientific knowledge.","rel":"","context":"Similar post","block_context":{"text":"Similar post","link":""},"img":{"alt_text":"A group of researchers gathered around a piece of equipment during the winter.","src":"https:\/\/i0.wp.com\/viventem.ca\/wp-content\/uploads\/2022\/07\/283954623_3233479890243655_8592425570048293645_n.jpg?fit=900%2C1200&ssl=1&resize=350%2C200","width":350,"height":200,"srcset":"https:\/\/i0.wp.com\/viventem.ca\/wp-content\/uploads\/2022\/07\/283954623_3233479890243655_8592425570048293645_n.jpg?fit=900%2C1200&ssl=1&resize=350%2C200 1x, https:\/\/i0.wp.com\/viventem.ca\/wp-content\/uploads\/2022\/07\/283954623_3233479890243655_8592425570048293645_n.jpg?fit=900%2C1200&ssl=1&resize=525%2C300 1.5x, https:\/\/i0.wp.com\/viventem.ca\/wp-content\/uploads\/2022\/07\/283954623_3233479890243655_8592425570048293645_n.jpg?fit=900%2C1200&ssl=1&resize=700%2C400 2x"},"classes":[]},{"id":63,"url":"https:\/\/viventem.ca\/fr\/","url_meta":{"origin":795,"position":3},"title":"Home","author":"sherryannebrown","date":"juin 16, 2022","format":false,"excerpt":"The Arctic, vast and grand, deserves all forms of love, attention and expertise joined in the common aim to protect it.\u200b","rel":"","context":"Similar post","block_context":{"text":"Similar post","link":""},"img":{"alt_text":"Viventem Science Support Agency in the Canadian Arctic","src":"https:\/\/i0.wp.com\/viventem.ca\/wp-content\/uploads\/2022\/07\/20200714_185037-1-e1662775359826.jpg?fit=1200%2C348&ssl=1&resize=350%2C200","width":350,"height":200,"srcset":"https:\/\/i0.wp.com\/viventem.ca\/wp-content\/uploads\/2022\/07\/20200714_185037-1-e1662775359826.jpg?fit=1200%2C348&ssl=1&resize=350%2C200 1x, https:\/\/i0.wp.com\/viventem.ca\/wp-content\/uploads\/2022\/07\/20200714_185037-1-e1662775359826.jpg?fit=1200%2C348&ssl=1&resize=525%2C300 1.5x, https:\/\/i0.wp.com\/viventem.ca\/wp-content\/uploads\/2022\/07\/20200714_185037-1-e1662775359826.jpg?fit=1200%2C348&ssl=1&resize=700%2C400 2x, https:\/\/i0.wp.com\/viventem.ca\/wp-content\/uploads\/2022\/07\/20200714_185037-1-e1662775359826.jpg?fit=1200%2C348&ssl=1&resize=1050%2C600 3x"},"classes":[]},{"id":887,"url":"https:\/\/viventem.ca\/fr\/home\/services\/other-services\/","url_meta":{"origin":795,"position":4},"title":"Autre","author":"sherryannebrown","date":"ao\u00fbt 6, 2022","format":false,"excerpt":"Nous offrons une vari\u00e9t\u00e9 de services pour r\u00e9pondre aux besoins sp\u00e9cifiques des \u00e9quipes de recherche.","rel":"","context":"Similar post","block_context":{"text":"Similar post","link":""},"img":{"alt_text":"","src":"https:\/\/i0.wp.com\/viventem.ca\/wp-content\/uploads\/2022\/08\/fishing.png?fit=938%2C923&ssl=1&resize=350%2C200","width":350,"height":200,"srcset":"https:\/\/i0.wp.com\/viventem.ca\/wp-content\/uploads\/2022\/08\/fishing.png?fit=938%2C923&ssl=1&resize=350%2C200 1x, https:\/\/i0.wp.com\/viventem.ca\/wp-content\/uploads\/2022\/08\/fishing.png?fit=938%2C923&ssl=1&resize=525%2C300 1.5x, https:\/\/i0.wp.com\/viventem.ca\/wp-content\/uploads\/2022\/08\/fishing.png?fit=938%2C923&ssl=1&resize=700%2C400 2x"},"classes":[]},{"id":853,"url":"https:\/\/viventem.ca\/fr\/home\/services\/scientific-outreach\/","url_meta":{"origin":795,"position":5},"title":"Vulgarisation scientifique","author":"sherryannebrown","date":"ao\u00fbt 6, 2022","format":false,"excerpt":"Nous valorisons grandement le partage des connaissances scientifiques et aidons \u00e0 les rendre accessibles \u00e0 tous.","rel":"","context":"Similar post","block_context":{"text":"Similar post","link":""},"img":{"alt_text":"","src":"https:\/\/i0.wp.com\/viventem.ca\/wp-content\/uploads\/2022\/08\/hatchet.png?fit=976%2C865&ssl=1&resize=350%2C200","width":350,"height":200,"srcset":"https:\/\/i0.wp.com\/viventem.ca\/wp-content\/uploads\/2022\/08\/hatchet.png?fit=976%2C865&ssl=1&resize=350%2C200 1x, https:\/\/i0.wp.com\/viventem.ca\/wp-content\/uploads\/2022\/08\/hatchet.png?fit=976%2C865&ssl=1&resize=525%2C300 1.5x, https:\/\/i0.wp.com\/viventem.ca\/wp-content\/uploads\/2022\/08\/hatchet.png?fit=976%2C865&ssl=1&resize=700%2C400 2x"},"classes":[]}],"_links":{"self":[{"href":"https:\/\/viventem.ca\/fr\/wp-json\/wp\/v2\/pages\/795","targetHints":{"allow":["GET"]}}],"collection":[{"href":"https:\/\/viventem.ca\/fr\/wp-json\/wp\/v2\/pages"}],"about":[{"href":"https:\/\/viventem.ca\/fr\/wp-json\/wp\/v2\/types\/page"}],"author":[{"embeddable":true,"href":"https:\/\/viventem.ca\/fr\/wp-json\/wp\/v2\/users\/221298267"}],"replies":[{"embeddable":true,"href":"https:\/\/viventem.ca\/fr\/wp-json\/wp\/v2\/comments?post=795"}],"version-history":[{"count":56,"href":"https:\/\/viventem.ca\/fr\/wp-json\/wp\/v2\/pages\/795\/revisions"}],"predecessor-version":[{"id":2751,"href":"https:\/\/viventem.ca\/fr\/wp-json\/wp\/v2\/pages\/795\/revisions\/2751"}],"up":[{"embeddable":true,"href":"https:\/\/viventem.ca\/fr\/wp-json\/wp\/v2\/pages\/52"}],"wp:featuredmedia":[{"embeddable":true,"href":"https:\/\/viventem.ca\/fr\/wp-json\/wp\/v2\/media\/782"}],"wp:attachment":[{"href":"https:\/\/viventem.ca\/fr\/wp-json\/wp\/v2\/media?parent=795"}],"curies":[{"name":"wp","href":"https:\/\/api.w.org\/{rel}","templated":true}]}}